{"id":10,"date":"2007-02-14T18:51:17","date_gmt":"2007-02-14T17:51:17","guid":{"rendered":"http:\/\/www.xbot.es\/?page_id=10"},"modified":"2015-05-12T22:03:46","modified_gmt":"2015-05-12T22:03:46","slug":"que-es-xbot","status":"publish","type":"page","link":"http:\/\/blog.xbot.es\/?page_id=10","title":{"rendered":"Que es xBot.es"},"content":{"rendered":"<p><strong>xBot.es<\/strong> nace en 2006 con la intenci\u00f3n de brindar espacio y servicios web para p\u00e1ginas de rob\u00f3tica o que tengan inter\u00e9s para cualquier aficionado a la misma.<\/p>\n<p>Si tienes una idea que quieras compartir y la tienes en hospedajes gratuitos lentos o con popups publicitarios, o no sabes donde ni como y ni ganas de liarte con montar tu propia p\u00e1gina web, blog, foro, gestor de contenidos&#8230; este es tu sitio, contacta con nosotros a traves de la opci\u00f3n <a href=\"mailto:info@xbot.es\">Contacto<\/a> del menu principal y te cedemos recursos a la vez que te ayudamos a publicar tu idea<em>.<\/em><\/p>\n<p>Si dispones de tu propio dominio no hay problema, no tienes mas que redireccionarlo a tu nuevo espacio o cambiar las DNS del mismo por las de xBot.es, con lo que la gesti\u00f3n del dominio siempre est\u00e1 en tus manos.<\/p>\n<p>Espero que esta web se llene de proyectos y p\u00e1ginas interesantes como estos:<\/p>\n<p><a href=\"http:\/\/heli.xbot.es\" target=\"_blank\">heli.xbot.es<\/a><br \/>\n<a href=\"http:\/\/tarribot.xbot.es\" target=\"_blank\">tarribot.xbot.es<\/a><br \/>\n<a href=\"http:\/\/pingubot.xbot.es\" target=\"_blank\">pingubot.xbot.es<\/a><br \/>\n<a href=\"http:\/\/microplans.xbot.es\" target=\"_blank\">microplans.xbot.es<\/a><br \/>\n<a href=\"http:\/\/r-luis.xbot.es\" target=\"_blank\">r-luis.xbot.es<\/a><br \/>\n<a href=\"http:\/\/sherlin.xbot.es\" target=\"_blank\">sherlin.xbot.es<\/a><\/p>\n<p>Saludos.<br \/>\nFrancisco Reinoso (furri).<\/p>\n","protected":false},"excerpt":{"rendered":"<p>xBot.es nace en 2006 con la intenci\u00f3n de brindar espacio y servicios web para p\u00e1ginas de rob\u00f3tica o que tengan inter\u00e9s para cualquier aficionado a la misma. Si tienes una idea que quieras compartir y la tienes en hospedajes gratuitos &hellip; <a href=\"http:\/\/blog.xbot.es\/?page_id=10\">Sigue leyendo <span class=\"meta-nav\">&rarr;<\/span><\/a><\/p>\n","protected":false},"author":1,"featured_media":0,"parent":0,"menu_order":0,"comment_status":"closed","ping_status":"open","template":"","meta":{"footnotes":""},"class_list":["post-10","page","type-page","status-publish","hentry"],"_links":{"self":[{"href":"http:\/\/blog.xbot.es\/index.php?rest_route=\/wp\/v2\/pages\/10","targetHints":{"allow":["GET"]}}],"collection":[{"href":"http:\/\/blog.xbot.es\/index.php?rest_route=\/wp\/v2\/pages"}],"about":[{"href":"http:\/\/blog.xbot.es\/index.php?rest_route=\/wp\/v2\/types\/page"}],"author":[{"embeddable":true,"href":"http:\/\/blog.xbot.es\/index.php?rest_route=\/wp\/v2\/users\/1"}],"replies":[{"embeddable":true,"href":"http:\/\/blog.xbot.es\/index.php?rest_route=%2Fwp%2Fv2%2Fcomments&post=10"}],"version-history":[{"count":4,"href":"http:\/\/blog.xbot.es\/index.php?rest_route=\/wp\/v2\/pages\/10\/revisions"}],"predecessor-version":[{"id":1012,"href":"http:\/\/blog.xbot.es\/index.php?rest_route=\/wp\/v2\/pages\/10\/revisions\/1012"}],"wp:attachment":[{"href":"http:\/\/blog.xbot.es\/index.php?rest_route=%2Fwp%2Fv2%2Fmedia&parent=10"}],"curies":[{"name":"wp","href":"https:\/\/api.w.org\/{rel}","templated":true}]}}